{"id":52,"date":"2020-06-01T22:23:40","date_gmt":"2020-06-02T01:23:40","guid":{"rendered":"http:\/\/br914.teste.website\/~agen0660\/cm\/?page_id=52"},"modified":"2020-09-30T21:41:42","modified_gmt":"2020-10-01T00:41:42","slug":"producao","status":"publish","type":"page","link":"https:\/\/caminhosdeminas.com\/es\/producao\/","title":{"rendered":"Producci\u00f3n"},"content":{"rendered":"<div class=\"wpb-content-wrapper\">[vc_section align_center=&#8221;aligncenter&#8221; white_text_color=&#8221;yes&#8221; wn_class=&#8221;wn-section-5ed5a7c8b464c&#8221; css=&#8221;.vc_custom_1591060459753{background-color: #482613 !important;}&#8221;][vc_row][vc_column]<div class=\"wn-distance-90 wn-distance-mob-inherit\"><\/div>[\/vc_column][\/vc_row][vc_row][vc_column][vc_column_text]\n<h1 style=\"text-align: center;\">Producci\u00f3n Sustentable<\/h1>\n[\/vc_column_text][\/vc_column][\/vc_row][vc_row][vc_column]<div class=\"wn-distance-70 wn-distance-mob-inherit\"><\/div>[\/vc_column][\/vc_row][\/vc_section][vc_section wn_class=&#8221;wn-section-5ed5aa0353eac&#8221; css=&#8221;.vc_custom_1591061001962{background-color: #f2f2f2 !important;}&#8221;][vc_row][vc_column width=&#8221;1\/6&#8243;][\/vc_column][vc_column width=&#8221;2\/3&#8243;]<div class=\"wn-distance-70 wn-distance-mob-inherit\"><\/div>[vc_column_text]\n<p style=\"text-align: center;\">Todos los procesos de nuestro nuevo ciclo productivo son extremadamente cuidados y artesanales para garantizar la calidad de los productos que entregamos a los clientes. Tenemos grand atenci\u00f3n al medio ambiente. M\u00e1s del 30% de nuestra finca est\u00e1 cubierta por bosque nativo o reforestado, garantizando la biodiversidad e el balance de carbono.<\/p>\n[\/vc_column_text]<div class=\"wn-distance-70 wn-distance-mob-inherit\"><\/div>[\/vc_column][vc_column width=&#8221;1\/6&#8243;][\/vc_column][\/vc_row][\/vc_section][vc_section full_width=&#8221;yes&#8221; wn_class=&#8221;wn-section-5ed5a8212bf18&#8243;][vc_row content_placement=&#8221;middle&#8221; equal_height=&#8221;yes&#8221; wn_class=&#8221;wn-row-5ed5a84b5f96b&#8221;][vc_column width=&#8221;1\/2&#8243; wn_class=&#8221;wn-column-5f484fbe69fd2&#8243; css=&#8221;.vc_custom_1598574536707{padding-top: 500px !important;background-image: url(https:\/\/caminhosdeminas.com\/es\/wp-content\/uploads\/2020\/08\/1-REPRESA-GERAL.jpeg?id=241) !important;background-position: center !important;background-repeat: no-repeat !important;background-size: cover !important;}&#8221;][\/vc_column][vc_column width=&#8221;1\/2&#8243; wn_class=&#8221;wn-column-5ed5a8362c987&#8243; css=&#8221;.vc_custom_1598574511040{padding-top: 500px !important;background-image: url(https:\/\/caminhosdeminas.com\/es\/wp-content\/uploads\/2020\/08\/1-IMAGEM-S\u00cdTIO.jpeg?id=240) !important;background-position: center !important;background-repeat: no-repeat !important;background-size: cover !important;}&#8221;][\/vc_column][\/vc_row][vc_row content_placement=&#8221;middle&#8221; equal_height=&#8221;yes&#8221; wn_class=&#8221;wn-row-5ed5a84b5f96b&#8221;][vc_column width=&#8221;1\/12&#8243;][\/vc_column][vc_column width=&#8221;1\/3&#8243; wn_class=&#8221;wn-column-5ed5a85763301&#8243; css=&#8221;.vc_custom_1591060568437{padding-right: 50px !important;padding-left: 50px !important;}&#8221;]<div class=\"wn-distance-100 wn-distance-mob-50\"><\/div>[vc_column_text]\n<h2 style=\"color: #482613;\">Poda y brotaci\u00f3n de invierno<\/h2>\n[\/vc_column_text]<div class=\"wn-distance-30 wn-distance-mob-inherit\"><\/div>[vc_column_text]A finales de oto\u00f1o, las vides se tratan con jarabe de azufre para reducir la carga de hongos nocivos para las plantas y a princ\u00edpios del invierno se realiza la aplicaci\u00f3n de abono org\u00e1nica. El ciclo de producci\u00f3n de nuestro jugo comienza en julio, con la poda de invierno, luego em el mes de agosto comienzan los brotes, cuando el foco est\u00e1 en la nutrici\u00f3n de las plantas y el seguimiento de enfermedades y plagas.[\/vc_column_text]<div class=\"wn-distance-100 wn-distance-mob-50\"><\/div>[\/vc_column][vc_column width=&#8221;1\/12&#8243;][\/vc_column][vc_column width=&#8221;1\/2&#8243; wn_class=&#8221;wn-column-5ed5a8362c987&#8243; css=&#8221;.vc_custom_1594294452553{padding-top: 500px !important;background-image: url(https:\/\/caminhosdeminas.com\/es\/wp-content\/uploads\/2020\/07\/1-poda.jpg?id=210) !important;background-position: center !important;background-repeat: no-repeat !important;background-size: cover !important;}&#8221;][\/vc_column][\/vc_row][\/vc_section][vc_section full_width=&#8221;yes&#8221; wn_class=&#8221;wn-section-5ed5a8212bf18&#8243;][vc_row content_placement=&#8221;middle&#8221; equal_height=&#8221;yes&#8221; wn_class=&#8221;wn-row-5ed5a84b5f96b&#8221;][vc_column width=&#8221;1\/2&#8243; wn_class=&#8221;wn-column-5ed5a8362c987&#8243; css=&#8221;.vc_custom_1594294467177{padding-top: 500px !important;background-image: url(https:\/\/caminhosdeminas.com\/es\/wp-content\/uploads\/2020\/07\/2-florada.jpg?id=211) !important;background-position: center !important;background-repeat: no-repeat !important;background-size: cover !important;}&#8221;][\/vc_column][vc_column width=&#8221;1\/12&#8243;][\/vc_column][vc_column width=&#8221;1\/3&#8243; wn_class=&#8221;wn-column-5ed5a85763301&#8243; css=&#8221;.vc_custom_1591060568437{padding-right: 50px !important;padding-left: 50px !important;}&#8221;]<div class=\"wn-distance-100 wn-distance-mob-50\"><\/div>[vc_column_text]\n<h2 style=\"color: #482613;\">Floraci\u00f3n y Maduraci\u00f3n<\/h2>\n[\/vc_column_text]<div class=\"wn-distance-30 wn-distance-mob-inherit\"><\/div>[vc_column_text]Em septiembre comieza la floraci\u00f3n, luego se desarrolla el racimo y comienza la maduraci\u00f3n cuando las bayas cambian de color. Durante la maduraci\u00f3n se suspende el uso de plaguicidas, para que no queden residuos en el yugo, adem\u00e1s, se realizan evaluaciones peri\u00f3dicas del contenido de az\u00facar, pH y acidez de la fruta para determinar el momento exacto de cosecha.[\/vc_column_text]<div class=\"wn-distance-100 wn-distance-mob-50\"><\/div>[\/vc_column][vc_column width=&#8221;1\/12&#8243;][\/vc_column][\/vc_row][\/vc_section][vc_section full_width=&#8221;yes&#8221; wn_class=&#8221;wn-section-5ed5a8212bf18&#8243;][vc_row content_placement=&#8221;middle&#8221; equal_height=&#8221;yes&#8221; wn_class=&#8221;wn-row-5ed5a84b5f96b&#8221;][vc_column width=&#8221;1\/12&#8243;][\/vc_column][vc_column width=&#8221;1\/3&#8243; wn_class=&#8221;wn-column-5ed5a85763301&#8243; css=&#8221;.vc_custom_1591060568437{padding-right: 50px !important;padding-left: 50px !important;}&#8221;]<div class=\"wn-distance-100 wn-distance-mob-50\"><\/div>[vc_column_text]\n<h2 style=\"color: #482613;\">Cosecha, procesamiento y embotella<\/h2>\n[\/vc_column_text]<div class=\"wn-distance-30 wn-distance-mob-inherit\"><\/div>[vc_column_text]Em la consecha, los racimos se examinan em el campo cuidadosamente para eliminar las bayas fuera de especificaciones y luego se mantienen inmediatamente en una c\u00e1mara fr\u00eda a una temperatura entre 5 y 8 \u00b0 C hasta su procesamiento. El jugo se elabora artesanalmente y luego se pasteuriza y embotella en caliente, manteniendo las caracter\u00edsticas de la fruta.[\/vc_column_text]<div class=\"wn-distance-100 wn-distance-mob-50\"><\/div>[\/vc_column][vc_column width=&#8221;1\/12&#8243;][\/vc_column][vc_column width=&#8221;1\/2&#8243; wn_class=&#8221;wn-column-5ed5a8362c987&#8243; css=&#8221;.vc_custom_1596037105353{padding-top: 500px !important;background-image: url(https:\/\/caminhosdeminas.com\/es\/wp-content\/uploads\/2020\/07\/3-colheita-1-rotated.jpg?id=224) !important;background-position: center !important;background-repeat: no-repeat !important;background-size: cover !important;}&#8221;][\/vc_column][\/vc_row][\/vc_section][vc_section white_text_color=&#8221;yes&#8221; wn_class=&#8221;wn-section-5ed3fb4aca6e5&#8243; css=&#8221;.vc_custom_1590951081031{background-color: #dbc7a6 !important;}&#8221;][vc_row wn_class=&#8221;wn-row-5ed5a8e12237e&#8221;][vc_column wn_class=&#8221;wn-column-5ed5a8e1222a5&#8243;]<div class=\"wn-distance-60 wn-distance-mob-inherit\"><\/div>[\/vc_column][\/vc_row][vc_row wn_class=&#8221;wn-row-5ed5a8e12237e&#8221;][vc_column width=&#8221;1\/6&#8243; wn_class=&#8221;wn-column-5ed5a8e1222a5&#8243;][\/vc_column][vc_column width=&#8221;2\/3&#8243; wn_class=&#8221;wn-column-5ed5a8e1222a5&#8243;][vc_column_text]\n<h3 style=\"text-align: center; color: #482613;\">Jugo de Uva Caminhos de Minas, 100% natural y con la mejor calidad para tu familia y tu negocio.<\/h3>\n[\/vc_column_text][vc_btn title=&#8221;CONTACT US&#8221; style=&#8221;outline-custom&#8221; outline_custom_color=&#8221;#482613&#8243; outline_custom_hover_background=&#8221;#482613&#8243; outline_custom_hover_text=&#8221;#ffffff&#8221; shape=&#8221;round&#8221; align=&#8221;center&#8221; link=&#8221;url:https%3A%2F%2Fcaminhosdeminas.com%2Fes%2Fcontato%2F|title:Contato||&#8221; css=&#8221;.vc_custom_1599531097796{margin-top: 30px !important;margin-bottom: 0px !important;}&#8221;][\/vc_column][vc_column width=&#8221;1\/6&#8243; wn_class=&#8221;wn-column-5ed5a8e1222a5&#8243;][\/vc_column][\/vc_row][vc_row wn_class=&#8221;wn-row-5ed5a8e12237e&#8221;][vc_column wn_class=&#8221;wn-column-5ed5a8e1222a5&#8243;]<div class=\"wn-distance-60 wn-distance-mob-inherit\"><\/div>[\/vc_column][\/vc_row][\/vc_section]\n<\/div>","protected":false},"excerpt":{"rendered":"<p>[vc_section align_center=&#8221;aligncenter&#8221; white_text_color=&#8221;yes&#8221; wn_class=&#8221;wn-section-5ed5a7c8b464c&#8221; css=&#8221;.vc_custom_1591060459753{background-color: #482613 !important;}&#8221;][vc_row][vc_column][\/vc_column][\/vc_row][vc_row][vc_column][vc_column_text] Producci\u00f3n Sustentable [\/vc_column_text][\/vc_column][\/vc_row][vc_row][vc_column][\/vc_column][\/vc_row][\/vc_section][vc_section wn_class=&#8221;wn-section-5ed5aa0353eac&#8221; css=&#8221;.vc_custom_1591061001962{background-color: #f2f2f2 !important;}&#8221;][vc_row][vc_column width=&#8221;1\/6&#8243;][\/vc_column][vc_column width=&#8221;2\/3&#8243;][vc_column_text] Todos los procesos de nuestro nuevo ciclo productivo son extremadamente cuidados y artesanales para garantizar la calidad de los productos que entregamos a los clientes. Tenemos grand atenci\u00f3n al medio ambiente. M\u00e1s del 30% de nuestra finca est\u00e1 cubierta por bosque nativo o reforestado, garantizando la biodiversidad e el balance de carbono. [\/vc_column_text][\/vc_column][vc_column width=&#8221;1\/6&#8243;][\/vc_column][\/vc_row][\/vc_section][vc_section full_width=&#8221;yes&#8221; wn_class=&#8221;wn-section-5ed5a8212bf18&#8243;][vc_row content_placement=&#8221;middle&#8221; equal_height=&#8221;yes&#8221; wn_class=&#8221;wn-row-5ed5a84b5f96b&#8221;][vc_column width=&#8221;1\/2&#8243; wn_class=&#8221;wn-column-5f484fbe69fd2&#8243; css=&#8221;.vc_custom_1598574536707{padding-top: 500px !important;background-image: url(https:\/\/caminhosdeminas.com\/es\/wp-content\/uploads\/2020\/08\/1-REPRESA-GERAL.jpeg?id=241) !important;background-position: center !important;background-repeat: no-repeat !important;background-size: cover !important;}&#8221;][\/vc_column][vc_column width=&#8221;1\/2&#8243; wn_class=&#8221;wn-column-5ed5a8362c987&#8243; css=&#8221;.vc_custom_1598574511040{padding-top: 500px !important;background-image: url(https:\/\/caminhosdeminas.com\/es\/wp-content\/uploads\/2020\/08\/1-IMAGEM-S\u00cdTIO.jpeg?id=240) !important;background-position: center !important;background-repeat: no-repeat !important;background-size: cover !important;}&#8221;][\/vc_column][\/vc_row][vc_row content_placement=&#8221;middle&#8221; equal_height=&#8221;yes&#8221; wn_class=&#8221;wn-row-5ed5a84b5f96b&#8221;][vc_column width=&#8221;1\/12&#8243;][\/vc_column][vc_column width=&#8221;1\/3&#8243; wn_class=&#8221;wn-column-5ed5a85763301&#8243; css=&#8221;.vc_custom_1591060568437{padding-right: 50px !important;padding-left: 50px !important;}&#8221;][vc_column_text] Poda y brotaci\u00f3n de invierno [\/vc_column_text][vc_column_text]A finales de oto\u00f1o, las vides se tratan con jarabe de azufre para reducir la carga de hongos nocivos para las plantas y a princ\u00edpios del invierno se realiza la aplicaci\u00f3n de abono org\u00e1nica. El ciclo de producci\u00f3n de nuestro jugo comienza en julio, con la poda de invierno, luego em el mes de agosto comienzan los brotes, cuando el foco est\u00e1 en la nutrici\u00f3n de las plantas y el seguimiento de enfermedades y plagas.[\/vc_column_text][\/vc_column][vc_column width=&#8221;1\/12&#8243;][\/vc_column][vc_column width=&#8221;1\/2&#8243; wn_class=&#8221;wn-column-5ed5a8362c987&#8243; css=&#8221;.vc_custom_1594294452553{padding-top: 500px !important;background-image: url(https:\/\/caminhosdeminas.com\/es\/wp-content\/uploads\/2020\/07\/1-poda.jpg?id=210) !important;background-position: center !important;background-repeat: no-repeat !important;background-size: cover !important;}&#8221;][\/vc_column][\/vc_row][\/vc_section][vc_section full_width=&#8221;yes&#8221; wn_class=&#8221;wn-section-5ed5a8212bf18&#8243;][vc_row content_placement=&#8221;middle&#8221; equal_height=&#8221;yes&#8221; wn_class=&#8221;wn-row-5ed5a84b5f96b&#8221;][vc_column width=&#8221;1\/2&#8243; wn_class=&#8221;wn-column-5ed5a8362c987&#8243; css=&#8221;.vc_custom_1594294467177{padding-top: 500px !important;background-image: url(https:\/\/caminhosdeminas.com\/es\/wp-content\/uploads\/2020\/07\/2-florada.jpg?id=211) !important;background-position: center !important;background-repeat: no-repeat !important;background-size: cover !important;}&#8221;][\/vc_column][vc_column width=&#8221;1\/12&#8243;][\/vc_column][vc_column width=&#8221;1\/3&#8243; wn_class=&#8221;wn-column-5ed5a85763301&#8243; css=&#8221;.vc_custom_1591060568437{padding-right: 50px !important;padding-left: 50px !important;}&#8221;][vc_column_text] Floraci\u00f3n y Maduraci\u00f3n [\/vc_column_text][vc_column_text]Em septiembre comieza la floraci\u00f3n, luego se desarrolla el racimo y comienza la maduraci\u00f3n cuando las bayas cambian de color. Durante la maduraci\u00f3n se suspende el uso de plaguicidas, para que no queden residuos en el yugo, adem\u00e1s, se realizan evaluaciones peri\u00f3dicas del contenido de az\u00facar, pH y acidez de la fruta para determinar el momento exacto de cosecha.[\/vc_column_text][\/vc_column][vc_column width=&#8221;1\/12&#8243;][\/vc_column][\/vc_row][\/vc_section][vc_section full_width=&#8221;yes&#8221; wn_class=&#8221;wn-section-5ed5a8212bf18&#8243;][vc_row content_placement=&#8221;middle&#8221; equal_height=&#8221;yes&#8221; wn_class=&#8221;wn-row-5ed5a84b5f96b&#8221;][vc_column&#8230; <\/p>\n<p><a class=\"readmore\" href=\"https:\/\/caminhosdeminas.com\/es\/producao\/\">Continue Reading<\/a><\/p>\n","protected":false},"author":1,"featured_media":0,"parent":0,"menu_order":0,"comment_status":"closed","ping_status":"closed","template":"","meta":{"footnotes":""},"class_list":["post-52","page","type-page","status-publish","hentry"],"_links":{"self":[{"href":"https:\/\/caminhosdeminas.com\/es\/wp-json\/wp\/v2\/pages\/52","targetHints":{"allow":["GET"]}}],"collection":[{"href":"https:\/\/caminhosdeminas.com\/es\/wp-json\/wp\/v2\/pages"}],"about":[{"href":"https:\/\/caminhosdeminas.com\/es\/wp-json\/wp\/v2\/types\/page"}],"author":[{"embeddable":true,"href":"https:\/\/caminhosdeminas.com\/es\/wp-json\/wp\/v2\/users\/1"}],"replies":[{"embeddable":true,"href":"https:\/\/caminhosdeminas.com\/es\/wp-json\/wp\/v2\/comments?post=52"}],"version-history":[{"count":11,"href":"https:\/\/caminhosdeminas.com\/es\/wp-json\/wp\/v2\/pages\/52\/revisions"}],"predecessor-version":[{"id":259,"href":"https:\/\/caminhosdeminas.com\/es\/wp-json\/wp\/v2\/pages\/52\/revisions\/259"}],"wp:attachment":[{"href":"https:\/\/caminhosdeminas.com\/es\/wp-json\/wp\/v2\/media?parent=52"}],"curies":[{"name":"wp","href":"https:\/\/api.w.org\/{rel}","templated":true}]}}