{"id":45,"date":"2020-06-01T22:20:31","date_gmt":"2020-06-02T01:20:31","guid":{"rendered":"http:\/\/br914.teste.website\/~agen0660\/cm\/?page_id=45"},"modified":"2020-10-25T22:37:38","modified_gmt":"2020-10-26T01:37:38","slug":"sobre","status":"publish","type":"page","link":"https:\/\/caminhosdeminas.com\/es\/sobre\/","title":{"rendered":"Sobre Nosotros"},"content":{"rendered":"<div class=\"wpb-content-wrapper\">[vc_section align_center=&#8221;aligncenter&#8221; white_text_color=&#8221;yes&#8221; wn_class=&#8221;wn-section-5ed5a7c8b464c&#8221; css=&#8221;.vc_custom_1591060459753{background-color: #482613 !important;}&#8221;][vc_row][vc_column]<div class=\"wn-distance-90 wn-distance-mob-inherit\"><\/div>[\/vc_column][\/vc_row][vc_row][vc_column][vc_column_text]\n<h1 style=\"text-align: center;\">Sobre Nosotros<\/h1>\n[\/vc_column_text][\/vc_column][\/vc_row][vc_row][vc_column]<div class=\"wn-distance-70 wn-distance-mob-inherit\"><\/div>[\/vc_column][\/vc_row][\/vc_section][vc_section full_width=&#8221;yes&#8221; wn_class=&#8221;wn-section-5ed5a8212bf18&#8243;][vc_row content_placement=&#8221;middle&#8221; equal_height=&#8221;yes&#8221; wn_class=&#8221;wn-row-5ed5a84b5f96b&#8221;][vc_column width=&#8221;1\/2&#8243; wn_class=&#8221;wn-column-5ed5a8362c987&#8243; css=&#8221;.vc_custom_1594293871529{padding-top: 500px !important;background-image: url(https:\/\/caminhosdeminas.com\/es\/wp-content\/uploads\/2020\/07\/historia.jpg?id=204) !important;background-position: center !important;background-repeat: no-repeat !important;background-size: cover !important;}&#8221;][\/vc_column][vc_column width=&#8221;1\/12&#8243;][\/vc_column][vc_column width=&#8221;1\/3&#8243; wn_class=&#8221;wn-column-5ed5a85763301&#8243; css=&#8221;.vc_custom_1591060568437{padding-right: 50px !important;padding-left: 50px !important;}&#8221;]<div class=\"wn-distance-100 wn-distance-mob-50\"><\/div>[vc_column_text]\n<h2 style=\"color: #482613;\">Historia<\/h2>\n[\/vc_column_text]<div class=\"wn-distance-30 wn-distance-mob-inherit\"><\/div>[vc_column_text]Nuestra historia comienza en 2009, cuando el jefe de familia fue diagnosticado com Parkinson. Decidimos invertir en una cultura con el objetivo de ayudar a mantener la finca y exigir una presencia m\u00e1s constante en la propiedad, para que todos pudieran estar cerca del, ayudando en lo que fuera necesario.<\/p>\n<p>Elegimos cultivar la uva Bord\u00f4 por sus caracter\u00edsticas de color, sabor y aroma. La plantar se llev\u00f3 a cabo en 2010 y en 2012 elaboramos nuestro primer jugo. Al principio toda la producci\u00f3n era para consumo propio y para distribuir a algunos amigos, pero el \u00e9xito fue tan grande que nos anim\u00f3 a invertir en el negocio.<\/p>\n<p>Nuestras instalaciones cumplem los requerimientos de la legislacion y en 2015 lo jugo Caminhos de Minas\u00ae ten\u00eda el registro adquirido en lo Ministerio de la Agricultura.<\/p>\n<p>Tenemos la mission de producir un producto 100% natural, sin la adici\u00f3n de colorants, az\u00facares ni conservantes, y con el compromiso de entregar un alimentos de alta calidad todos los d\u00edas.<\/p>\n<p>Salud, calidad y respecto a el medio ambiente son nuestros m\u00e1s importantes valores.[\/vc_column_text]<div class=\"wn-distance-100 wn-distance-mob-50\"><\/div>[\/vc_column][vc_column width=&#8221;1\/12&#8243;][\/vc_column][\/vc_row][\/vc_section][vc_section white_text_color=&#8221;yes&#8221; disable_element=&#8221;yes&#8221; wn_class=&#8221;wn-section-5ed3fb4aca6e5&#8243; css=&#8221;.vc_custom_1594297124204{background-color: #dbc7a6 !important;}&#8221;][vc_row wn_class=&#8221;wn-row-5ed5a8e12237e&#8221;][vc_column wn_class=&#8221;wn-column-5ed5a8e1222a5&#8243;]<div class=\"wn-distance-60 wn-distance-mob-inherit\"><\/div>[\/vc_column][\/vc_row][vc_row wn_class=&#8221;wn-row-5ed5a8e12237e&#8221;][vc_column width=&#8221;1\/6&#8243; wn_class=&#8221;wn-column-5ed5a8e1222a5&#8243;][\/vc_column][vc_column width=&#8221;2\/3&#8243; wn_class=&#8221;wn-column-5ed5a8e1222a5&#8243;][vc_column_text]\n<h3 style=\"text-align: center; color: #482613;\">Nulla porttitor accumsan tincidunt. Curabitur non nulla sit amet nisl tempus convallis quis ac lectus.<\/h3>\n[\/vc_column_text][vc_btn title=&#8221;FALE CONOSCO&#8221; style=&#8221;outline-custom&#8221; outline_custom_color=&#8221;#482613&#8243; outline_custom_hover_background=&#8221;#482613&#8243; outline_custom_hover_text=&#8221;#ffffff&#8221; shape=&#8221;round&#8221; align=&#8221;center&#8221; link=&#8221;url:https%3A%2F%2Fcaminhosdeminas.com%2Fcontato%2F|||&#8221; css=&#8221;.vc_custom_1590951104749{margin-top: 30px !important;margin-bottom: 0px !important;}&#8221;][\/vc_column][vc_column width=&#8221;1\/6&#8243; wn_class=&#8221;wn-column-5ed5a8e1222a5&#8243;][\/vc_column][\/vc_row][vc_row wn_class=&#8221;wn-row-5ed5a8e12237e&#8221;][vc_column wn_class=&#8221;wn-column-5ed5a8e1222a5&#8243;]<div class=\"wn-distance-60 wn-distance-mob-inherit\"><\/div>[\/vc_column][\/vc_row][\/vc_section][vc_section disable_element=&#8221;yes&#8221; wn_class=&#8221;wn-section-5f070b2a8ec70&#8243;][vc_row][vc_column]<div class=\"wn-distance-100 wn-distance-mob-inherit\"><\/div>[\/vc_column][\/vc_row][vc_row][vc_column width=&#8221;1\/3&#8243;]<article class=\"wn-icon-box icon-box-id-1 icon-box2 tlp    \"  ><i class=\"wn-icon-1 icon-wine  \"><\/i><h4 class=\"title-style\">Lorem Ipsum Dolor<\/h4><p class=\"content-style\">Donec sollicitudin molestie malesuada. Mauris blandit aliquet elit, eget tincidunt nibh pulvinar a. Donec sollicitudin molestie malesuada. Sed porttitor lectus nibh. Nulla quis lorem ut libero malesuada feugiat. Pellentesque in ipsum id orci porta dapibus.<\/p><\/article>[\/vc_column][vc_column width=&#8221;1\/3&#8243;]<article class=\"wn-icon-box icon-box-id-2 icon-box2 tlp    \"  ><i class=\"wn-icon-2 icon-wine  \"><\/i><h4 class=\"title-style\">Lorem Ipsum Dolor<\/h4><p class=\"content-style\">Donec sollicitudin molestie malesuada. Mauris blandit aliquet elit, eget tincidunt nibh pulvinar a. Donec sollicitudin molestie malesuada. Sed porttitor lectus nibh. Nulla quis lorem ut libero malesuada feugiat. Pellentesque in ipsum id orci porta dapibus.<\/p><\/article>[\/vc_column][vc_column width=&#8221;1\/3&#8243;]<article class=\"wn-icon-box icon-box-id-3 icon-box2 tlp    \"  ><i class=\"wn-icon-3 icon-wine  \"><\/i><h4 class=\"title-style\">Lorem Ipsum Dolor<\/h4><p class=\"content-style\">Donec sollicitudin molestie malesuada. Mauris blandit aliquet elit, eget tincidunt nibh pulvinar a. Donec sollicitudin molestie malesuada. Sed porttitor lectus nibh. Nulla quis lorem ut libero malesuada feugiat. Pellentesque in ipsum id orci porta dapibus.<\/p><\/article>[\/vc_column][\/vc_row][vc_row][vc_column]<div class=\"wn-distance-100 wn-distance-mob-inherit\"><\/div>[\/vc_column][\/vc_row][\/vc_section][vc_section full_width=&#8221;yes&#8221; wn_class=&#8221;wn-section-5f06fe98513ef&#8221; el_class=&#8221;imgs-final&#8221; css=&#8221;.vc_custom_1594294063180{background-color: #482613 !important;}&#8221;][vc_row][vc_column width=&#8221;1\/4&#8243;][vc_single_image image=&#8221;205&#8243; img_size=&#8221;full&#8221; alignment=&#8221;center&#8221;][\/vc_column][vc_column width=&#8221;1\/4&#8243;][vc_single_image image=&#8221;227&#8243; img_size=&#8221;750&#215;750&#8243; alignment=&#8221;center&#8221;][\/vc_column][vc_column width=&#8221;1\/4&#8243;][vc_single_image image=&#8221;226&#8243; img_size=&#8221;563&#215;563&#8243; alignment=&#8221;center&#8221;][\/vc_column][vc_column width=&#8221;1\/4&#8243;][vc_single_image image=&#8221;206&#8243; img_size=&#8221;full&#8221; alignment=&#8221;center&#8221;][\/vc_column][\/vc_row][\/vc_section]\n<\/div>","protected":false},"excerpt":{"rendered":"<p>[vc_section align_center=&#8221;aligncenter&#8221; white_text_color=&#8221;yes&#8221; wn_class=&#8221;wn-section-5ed5a7c8b464c&#8221; css=&#8221;.vc_custom_1591060459753{background-color: #482613 !important;}&#8221;][vc_row][vc_column][\/vc_column][\/vc_row][vc_row][vc_column][vc_column_text] Sobre Nosotros [\/vc_column_text][\/vc_column][\/vc_row][vc_row][vc_column][\/vc_column][\/vc_row][\/vc_section][vc_section full_width=&#8221;yes&#8221; wn_class=&#8221;wn-section-5ed5a8212bf18&#8243;][vc_row content_placement=&#8221;middle&#8221; equal_height=&#8221;yes&#8221; wn_class=&#8221;wn-row-5ed5a84b5f96b&#8221;][vc_column width=&#8221;1\/2&#8243; wn_class=&#8221;wn-column-5ed5a8362c987&#8243; css=&#8221;.vc_custom_1594293871529{padding-top: 500px !important;background-image: url(https:\/\/caminhosdeminas.com\/es\/wp-content\/uploads\/2020\/07\/historia.jpg?id=204) !important;background-position: center !important;background-repeat: no-repeat !important;background-size: cover !important;}&#8221;][\/vc_column][vc_column width=&#8221;1\/12&#8243;][\/vc_column][vc_column width=&#8221;1\/3&#8243; wn_class=&#8221;wn-column-5ed5a85763301&#8243; css=&#8221;.vc_custom_1591060568437{padding-right: 50px !important;padding-left: 50px !important;}&#8221;][vc_column_text] Historia [\/vc_column_text][vc_column_text]Nuestra historia comienza en 2009, cuando el jefe de familia fue diagnosticado com Parkinson. Decidimos invertir en una cultura con el objetivo de ayudar a mantener la finca y exigir una presencia m\u00e1s constante en la propiedad, para que todos pudieran estar cerca del, ayudando en lo que fuera necesario. Elegimos cultivar la uva Bord\u00f4 por sus caracter\u00edsticas de color, sabor y aroma. La plantar se llev\u00f3 a cabo en 2010 y en 2012 elaboramos nuestro primer jugo. Al principio toda la producci\u00f3n era para consumo propio y para distribuir a algunos amigos, pero el \u00e9xito fue tan grande que nos anim\u00f3 a invertir en el negocio. Nuestras instalaciones cumplem los requerimientos de la legislacion y en 2015 lo jugo Caminhos de Minas\u00ae ten\u00eda el registro adquirido en lo Ministerio de la Agricultura. Tenemos la mission de producir un producto 100% natural, sin la adici\u00f3n de colorants, az\u00facares ni conservantes, y con el compromiso de entregar un alimentos de alta calidad todos los d\u00edas. Salud, calidad y respecto a el medio ambiente son nuestros m\u00e1s importantes valores.[\/vc_column_text][\/vc_column][vc_column width=&#8221;1\/12&#8243;][\/vc_column][\/vc_row][\/vc_section][vc_section white_text_color=&#8221;yes&#8221; disable_element=&#8221;yes&#8221; wn_class=&#8221;wn-section-5ed3fb4aca6e5&#8243; css=&#8221;.vc_custom_1594297124204{background-color: #dbc7a6 !important;}&#8221;][vc_row wn_class=&#8221;wn-row-5ed5a8e12237e&#8221;][vc_column wn_class=&#8221;wn-column-5ed5a8e1222a5&#8243;][\/vc_column][\/vc_row][vc_row wn_class=&#8221;wn-row-5ed5a8e12237e&#8221;][vc_column width=&#8221;1\/6&#8243; wn_class=&#8221;wn-column-5ed5a8e1222a5&#8243;][\/vc_column][vc_column width=&#8221;2\/3&#8243; wn_class=&#8221;wn-column-5ed5a8e1222a5&#8243;][vc_column_text] Nulla porttitor accumsan tincidunt. Curabitur non nulla sit amet nisl tempus convallis quis ac lectus. [\/vc_column_text][vc_btn title=&#8221;FALE CONOSCO&#8221; style=&#8221;outline-custom&#8221; outline_custom_color=&#8221;#482613&#8243; outline_custom_hover_background=&#8221;#482613&#8243; outline_custom_hover_text=&#8221;#ffffff&#8221; shape=&#8221;round&#8221; align=&#8221;center&#8221; link=&#8221;url:https%3A%2F%2Fcaminhosdeminas.com%2Fcontato%2F|||&#8221; css=&#8221;.vc_custom_1590951104749{margin-top: 30px !important;margin-bottom: 0px !important;}&#8221;][\/vc_column][vc_column width=&#8221;1\/6&#8243; wn_class=&#8221;wn-column-5ed5a8e1222a5&#8243;][\/vc_column][\/vc_row][vc_row wn_class=&#8221;wn-row-5ed5a8e12237e&#8221;][vc_column wn_class=&#8221;wn-column-5ed5a8e1222a5&#8243;][\/vc_column][\/vc_row][\/vc_section][vc_section disable_element=&#8221;yes&#8221; wn_class=&#8221;wn-section-5f070b2a8ec70&#8243;][vc_row][vc_column][\/vc_column][\/vc_row][vc_row][vc_column width=&#8221;1\/3&#8243;][\/vc_column][vc_column width=&#8221;1\/3&#8243;][\/vc_column][vc_column width=&#8221;1\/3&#8243;][\/vc_column][\/vc_row][vc_row][vc_column][\/vc_column][\/vc_row][\/vc_section][vc_section full_width=&#8221;yes&#8221; wn_class=&#8221;wn-section-5f06fe98513ef&#8221; el_class=&#8221;imgs-final&#8221; css=&#8221;.vc_custom_1594294063180{background-color: #482613 !important;}&#8221;][vc_row][vc_column width=&#8221;1\/4&#8243;][vc_single_image image=&#8221;205&#8243; img_size=&#8221;full&#8221; alignment=&#8221;center&#8221;][\/vc_column][vc_column width=&#8221;1\/4&#8243;][vc_single_image image=&#8221;227&#8243; img_size=&#8221;750&#215;750&#8243; alignment=&#8221;center&#8221;][\/vc_column][vc_column width=&#8221;1\/4&#8243;][vc_single_image image=&#8221;226&#8243; img_size=&#8221;563&#215;563&#8243; alignment=&#8221;center&#8221;][\/vc_column][vc_column width=&#8221;1\/4&#8243;][vc_single_image image=&#8221;206&#8243; img_size=&#8221;full&#8221; alignment=&#8221;center&#8221;][\/vc_column][\/vc_row][\/vc_section]<\/p>\n","protected":false},"author":1,"featured_media":0,"parent":0,"menu_order":0,"comment_status":"closed","ping_status":"closed","template":"","meta":{"footnotes":""},"class_list":["post-45","page","type-page","status-publish","hentry"],"_links":{"self":[{"href":"https:\/\/caminhosdeminas.com\/es\/wp-json\/wp\/v2\/pages\/45","targetHints":{"allow":["GET"]}}],"collection":[{"href":"https:\/\/caminhosdeminas.com\/es\/wp-json\/wp\/v2\/pages"}],"about":[{"href":"https:\/\/caminhosdeminas.com\/es\/wp-json\/wp\/v2\/types\/page"}],"author":[{"embeddable":true,"href":"https:\/\/caminhosdeminas.com\/es\/wp-json\/wp\/v2\/users\/1"}],"replies":[{"embeddable":true,"href":"https:\/\/caminhosdeminas.com\/es\/wp-json\/wp\/v2\/comments?post=45"}],"version-history":[{"count":16,"href":"https:\/\/caminhosdeminas.com\/es\/wp-json\/wp\/v2\/pages\/45\/revisions"}],"predecessor-version":[{"id":262,"href":"https:\/\/caminhosdeminas.com\/es\/wp-json\/wp\/v2\/pages\/45\/revisions\/262"}],"wp:attachment":[{"href":"https:\/\/caminhosdeminas.com\/es\/wp-json\/wp\/v2\/media?parent=45"}],"curies":[{"name":"wp","href":"https:\/\/api.w.org\/{rel}","templated":true}]}}