{"id":20,"date":"2020-05-31T15:23:02","date_gmt":"2020-05-31T18:23:02","guid":{"rendered":"http:\/\/br914.teste.website\/~agen0660\/cm\/?page_id=20"},"modified":"2020-09-30T21:06:56","modified_gmt":"2020-10-01T00:06:56","slug":"home","status":"publish","type":"page","link":"https:\/\/caminhosdeminas.com\/es\/","title":{"rendered":"Inicio"},"content":{"rendered":"<div class=\"wpb-content-wrapper\">[vc_section white_text_color=&#8221;yes&#8221; wn_parallax=&#8221;content-moving&#8221; wn_class=&#8221;wn-section-5ed3f1bceb053&#8243; css=&#8221;.vc_custom_1594294933301{background-image: url(https:\/\/caminhosdeminas.com\/es\/wp-content\/uploads\/2020\/07\/bg-home.jpg?id=214) !important;}&#8221;][vc_row][vc_column]<div class=\"wn-distance-100 wn-distance-mob-inherit\"><\/div><div class=\"wn-distance-50 wn-distance-mob-inherit\"><\/div>[\/vc_column][\/vc_row][vc_row][vc_column width=&#8221;1\/4&#8243;][\/vc_column][vc_column width=&#8221;1\/2&#8243; wn_class=&#8221;wn-column-5ed3f4015a134&#8243; css=&#8221;.vc_custom_1590948875836{padding-right: 60px !important;padding-left: 60px !important;}&#8221;][vc_column_text]\n<h1 style=\"text-align: center;\"><big>Caminhos de Minas<\/big><\/h1>\n[\/vc_column_text][vc_column_text]\n<p style=\"text-align: center;\">Zumo 100% de la mejor calidad, sin conservantes, az\u00facares ni colorants a\u00f1adidos. Natural, saludable y sabroso.<\/p>\n[\/vc_column_text]<div class=\"wn-distance-30 wn-distance-mob-inherit\"><\/div>[vc_btn title=&#8221;HABLE CON NOSOTROS&#8221; style=&#8221;outline-custom&#8221; outline_custom_color=&#8221;#ffffff&#8221; outline_custom_hover_background=&#8221;#ffffff&#8221; outline_custom_hover_text=&#8221;#482613&#8243; shape=&#8221;round&#8221; align=&#8221;center&#8221; link=&#8221;url:https%3A%2F%2Fcaminhosdeminas.com%2Fes%2Fcontato%2F|title:Contato||&#8221; css=&#8221;.vc_custom_1601510628316{margin-top: 0px !important;margin-bottom: 0px !important;}&#8221;][\/vc_column][vc_column width=&#8221;1\/4&#8243;][\/vc_column][\/vc_row][vc_row][vc_column]<div class=\"wn-distance-50 wn-distance-mob-inherit\"><\/div><div class=\"wn-distance-100 wn-distance-mob-inherit\"><\/div>[\/vc_column][\/vc_row][\/vc_section][vc_section bg_position=&#8221;center bottom&#8221; wn_class=&#8221;wn-section-5ed3fb1842db0&#8243;][vc_row][vc_column]<div class=\"wn-distance-100 wn-distance-mob-inherit\"><\/div>[\/vc_column][\/vc_row][vc_row][vc_column width=&#8221;1\/12&#8243;][\/vc_column][vc_column css_animation=&#8221;fadeIn&#8221; width=&#8221;5\/12&#8243; wn_class=&#8221;wn-column-5ed3f8f45e185&#8243; el_class=&#8221;primeiro-box&#8221;][vc_single_image image=&#8221;37&#8243; img_size=&#8221;full&#8221; alignment=&#8221;center&#8221; el_class=&#8221;img-1&#8243;][\/vc_column][vc_column css_animation=&#8221;fadeInRight&#8221; width=&#8221;5\/12&#8243; wn_class=&#8221;wn-column-5ed400324b909&#8243;]<div class=\"wn-distance-10 wn-distance-mob-50\"><\/div>[vc_column_text]\n<h2 style=\"color: #482613;\">Jugos<\/h2>\n[\/vc_column_text]<div class=\"wn-distance-20 wn-distance-mob-inherit\"><\/div>[vc_column_text]Nuestra l\u00ednea Caminhos de Minas 100% Bord\u00f4 contiene \u00fanicamente solo uvas de esta especie, un cultivar americano (Vitis labrusca), originario de Ohio en Estados Unidos y que gan\u00f3 el nombre de Bord\u00f4 por el color acentuado que aporta a sus productos.\u00a0El jugo 100% Bord\u00f4 tiene un fuerte color violeta, adem\u00e1s como un intenso aroma y sabor, muy utilizado en cocina,cocteleria, o tambi\u00e9n para consumo directo, ya sea puro o diluido.<\/p>\n<p>La l\u00ednea Caminhos de Minas Blend, en cambio, se elabora a partir de la mezcla entre las uvas Bord\u00f4 y Isabel, que es m\u00e1s dulce y menos intenso en sabor y color, dando lugar a un jugo m\u00e1s ligero, ideal para consumo puro.[\/vc_column_text]<div class=\"wn-distance-30 wn-distance-mob-inherit\"><\/div>[vc_btn title=&#8221;HABLE CON NOSOTROS&#8221; style=&#8221;gradient-custom&#8221; gradient_custom_color_1=&#8221;#482613&#8243; gradient_custom_color_2=&#8221;#482613&#8243; shape=&#8221;round&#8221; link=&#8221;url:https%3A%2F%2Fcaminhosdeminas.com%2Fes%2Fcontato%2F|title:Contato||&#8221; css=&#8221;.vc_custom_1601510617750{margin-top: 0px !important;margin-bottom: 0px !important;}&#8221;]<div class=\"wn-distance-10 wn-distance-mob-0\"><\/div>[\/vc_column][vc_column width=&#8221;1\/12&#8243;][\/vc_column][\/vc_row][vc_row][vc_column]<div class=\"wn-distance-100 wn-distance-mob-inherit\"><\/div>[\/vc_column][\/vc_row][\/vc_section][vc_section white_text_color=&#8221;yes&#8221; wn_class=&#8221;wn-section-5ed3fb4aca6e5&#8243; css=&#8221;.vc_custom_1590951081031{background-color: #dbc7a6 !important;}&#8221;][vc_row][vc_column]<div class=\"wn-distance-60 wn-distance-mob-inherit\"><\/div>[\/vc_column][\/vc_row][vc_row][vc_column width=&#8221;1\/6&#8243;][\/vc_column][vc_column width=&#8221;2\/3&#8243;][vc_column_text]\n<h3 style=\"text-align: center; color: #482613;\">Jugos naturales de calidad con un sabor inolvidable.<\/h3>\n[\/vc_column_text][vc_btn title=&#8221;HABLE CON NOSOTROS&#8221; style=&#8221;outline-custom&#8221; outline_custom_color=&#8221;#482613&#8243; outline_custom_hover_background=&#8221;#482613&#8243; outline_custom_hover_text=&#8221;#ffffff&#8221; shape=&#8221;round&#8221; align=&#8221;center&#8221; link=&#8221;url:https%3A%2F%2Fcaminhosdeminas.com%2Fes%2Fcontato%2F|title:Contato||&#8221; css=&#8221;.vc_custom_1601510665035{margin-top: 30px !important;margin-bottom: 0px !important;}&#8221;][\/vc_column][vc_column width=&#8221;1\/6&#8243;][\/vc_column][\/vc_row][vc_row][vc_column]<div class=\"wn-distance-60 wn-distance-mob-inherit\"><\/div>[\/vc_column][\/vc_row][\/vc_section][vc_section full_width=&#8221;yes&#8221; wn_class=&#8221;wn-section-5ed3fcd45aa02&#8243;][vc_row][vc_column]<div class=\"wn-distance-100 wn-distance-mob-inherit\"><\/div>[\/vc_column][\/vc_row][vc_row content_placement=&#8221;middle&#8221; wn_class=&#8221;wn-row-5ed3ffaca177b&#8221;][vc_column width=&#8221;1\/12&#8243;][\/vc_column][vc_column css_animation=&#8221;fadeInLeft&#8221; width=&#8221;5\/12&#8243; wn_class=&#8221;wn-column-5ed3fd127ff8f&#8221; css=&#8221;.vc_custom_1590951898646{padding-right: 50px !important;padding-left: 50px !important;}&#8221;]<div class=\"wn-distance-10 wn-distance-mob-0\"><\/div>[vc_column_text]\n<h2 style=\"color: #482613;\">Calidad<\/h2>\n[\/vc_column_text]<div class=\"wn-distance-20 wn-distance-mob-inherit\"><\/div>[vc_column_text]Alta calidad y excelencia en la producci\u00f3n son nuestros principales valores.\u00a0Buscamos constantemente mejorar a\u00fan m\u00e1s cada proceso dentro de nuestra l\u00ednea de producci\u00f3n, para mantener siempre el alto est\u00e1ndar en cada botella de jugo que sale de nuestras manos y llega al consumidores.<\/p>\n<p>Las uvas se eval\u00faan peri\u00f3dicamente en cuanto a madurez para definir el momento ideal de cosecha, cuando se seleccionan manualmente para ofrecer un jugo de diferente calidad.\u00a0Adem\u00e1s, no agregamos az\u00facares, colorantes ni conservantes, lo que garantiza una dieta saludable\u00a0 para su familia.[\/vc_column_text]<div class=\"wn-distance-20 wn-distance-mob-inherit\"><\/div>[vc_btn title=&#8221;ACERCA DE NUESTRA PRODUCCI\u00d3N&#8221; style=&#8221;gradient-custom&#8221; gradient_custom_color_1=&#8221;#482613&#8243; gradient_custom_color_2=&#8221;#482613&#8243; shape=&#8221;round&#8221; link=&#8221;url:https%3A%2F%2Fcaminhosdeminas.com%2Fes%2Fproducao%2F|||&#8221; css=&#8221;.vc_custom_1601510730193{margin-top: 0px !important;margin-bottom: 0px !important;}&#8221;]<div class=\"wn-distance-10 wn-distance-mob-50\"><\/div>[\/vc_column][vc_column width=&#8221;1\/12&#8243;][\/vc_column][vc_column css_animation=&#8221;fadeIn&#8221; width=&#8221;5\/12&#8243; wn_class=&#8221;wn-column-5ed3ffdef030a&#8221;][vc_single_image image=&#8221;39&#8243; img_size=&#8221;650&#215;500&#8243; alignment=&#8221;right&#8221;][\/vc_column][\/vc_row][vc_row][vc_column]<div class=\"wn-distance-100 wn-distance-mob-inherit\"><\/div>[\/vc_column][\/vc_row][vc_row content_placement=&#8221;middle&#8221; wn_class=&#8221;wn-row-5ed3ffaca177b&#8221;][vc_column css_animation=&#8221;fadeIn&#8221; width=&#8221;5\/12&#8243; wn_class=&#8221;wn-column-5ed3ffdef030a&#8221;][vc_single_image image=&#8221;201&#8243; img_size=&#8221;650&#215;500&#8243; alignment=&#8221;right&#8221;][\/vc_column][vc_column width=&#8221;1\/12&#8243;][\/vc_column][vc_column css_animation=&#8221;fadeInRight&#8221; width=&#8221;5\/12&#8243; wn_class=&#8221;wn-column-5ed3fd127ff8f&#8221; css=&#8221;.vc_custom_1590952093317{padding-right: 50px !important;padding-left: 50px !important;}&#8221;]<div class=\"wn-distance-10 wn-distance-mob-50\"><\/div>[vc_column_text]\n<h2 style=\"color: #482613;\">Quienes somos<\/h2>\n[\/vc_column_text]<div class=\"wn-distance-20 wn-distance-mob-inherit\"><\/div>[vc_column_text]Somos una empresa familiar que lleva m\u00e1s de una d\u00e9cada. El inicio se busc\u00f3 \u00a0hacer m\u00e1s productiva la finca familiar.\u00a0Para esto, hemos optado por cultivar la vid con el ideal de producir alimentos 100% natural com la mejor calidad posible.\u00a0En 2012 producimos nuestro primer jugo de uva, distribuido a familiares y amigos, y no hemos parado desde entonces.<\/p>\n<p>Lo que comenz\u00f3 como una experiencia para todos nosotros ha ido creciendo, generando retornos positivos.\u00a0Todos los pasos de producci\u00f3n se realizan a mano, con especial cuidado y utilizando frutos sanos y maduros para garantizar la calidad que nos propusimos entregar desde el inicio de este proyecto.[\/vc_column_text]<div class=\"wn-distance-20 wn-distance-mob-inherit\"><\/div>[vc_btn title=&#8221;SOBRE NOSOTROS&#8221; style=&#8221;gradient-custom&#8221; gradient_custom_color_1=&#8221;#482613&#8243; gradient_custom_color_2=&#8221;#482613&#8243; shape=&#8221;round&#8221; link=&#8221;url:https%3A%2F%2Fcaminhosdeminas.com%2Fes%2Fsobre%2F|title:Sobre||&#8221; css=&#8221;.vc_custom_1601510759912{margin-top: 0px !important;margin-bottom: 0px !important;}&#8221;]<div class=\"wn-distance-10 wn-distance-mob-0\"><\/div>[\/vc_column][vc_column width=&#8221;1\/12&#8243;][\/vc_column][\/vc_row][vc_row][vc_column]<div class=\"wn-distance-100 wn-distance-mob-inherit\"><\/div>[\/vc_column][\/vc_row][\/vc_section][vc_section white_text_color=&#8221;yes&#8221; wn_class=&#8221;wn-section-5ed3fb4aca6e5&#8243; css=&#8221;.vc_custom_1590951081031{background-color: #dbc7a6 !important;}&#8221;][vc_row][vc_column]<div class=\"wn-distance-60 wn-distance-mob-inherit\"><\/div>[\/vc_column][\/vc_row][vc_row][vc_column width=&#8221;1\/6&#8243;][\/vc_column][vc_column width=&#8221;2\/3&#8243;][vc_column_text]\n<h3 style=\"text-align: center; color: #482613;\">Jugo de Uva Caminhos de Minas, 100% natural y con la mejor calidad para tu familia y tu negocio.<\/h3>\n[\/vc_column_text][vc_btn title=&#8221;HABLE CON NOSOTROS&#8221; style=&#8221;outline-custom&#8221; outline_custom_color=&#8221;#482613&#8243; outline_custom_hover_background=&#8221;#482613&#8243; outline_custom_hover_text=&#8221;#ffffff&#8221; shape=&#8221;round&#8221; align=&#8221;center&#8221; link=&#8221;url:https%3A%2F%2Fcaminhosdeminas.com%2Fes%2Fcontato%2F|||&#8221; css=&#8221;.vc_custom_1601510780465{margin-top: 30px !important;margin-bottom: 0px !important;}&#8221;][\/vc_column][vc_column width=&#8221;1\/6&#8243;][\/vc_column][\/vc_row][vc_row][vc_column]<div class=\"wn-distance-60 wn-distance-mob-inherit\"><\/div>[\/vc_column][\/vc_row][\/vc_section]\n<\/div>","protected":false},"excerpt":{"rendered":"<p>[vc_section white_text_color=&#8221;yes&#8221; wn_parallax=&#8221;content-moving&#8221; wn_class=&#8221;wn-section-5ed3f1bceb053&#8243; css=&#8221;.vc_custom_1594294933301{background-image: url(https:\/\/caminhosdeminas.com\/es\/wp-content\/uploads\/2020\/07\/bg-home.jpg?id=214) !important;}&#8221;][vc_row][vc_column][\/vc_column][\/vc_row][vc_row][vc_column width=&#8221;1\/4&#8243;][\/vc_column][vc_column width=&#8221;1\/2&#8243; wn_class=&#8221;wn-column-5ed3f4015a134&#8243; css=&#8221;.vc_custom_1590948875836{padding-right: 60px !important;padding-left: 60px !important;}&#8221;][vc_column_text] Caminhos de Minas [\/vc_column_text][vc_column_text] Zumo 100% de la mejor calidad, sin conservantes, az\u00facares ni colorants a\u00f1adidos. Natural, saludable y sabroso. [\/vc_column_text][vc_btn title=&#8221;HABLE CON NOSOTROS&#8221; style=&#8221;outline-custom&#8221; outline_custom_color=&#8221;#ffffff&#8221; outline_custom_hover_background=&#8221;#ffffff&#8221; outline_custom_hover_text=&#8221;#482613&#8243; shape=&#8221;round&#8221; align=&#8221;center&#8221; link=&#8221;url:https%3A%2F%2Fcaminhosdeminas.com%2Fes%2Fcontato%2F|title:Contato||&#8221; css=&#8221;.vc_custom_1601510628316{margin-top: 0px !important;margin-bottom: 0px !important;}&#8221;][\/vc_column][vc_column width=&#8221;1\/4&#8243;][\/vc_column][\/vc_row][vc_row][vc_column][\/vc_column][\/vc_row][\/vc_section][vc_section bg_position=&#8221;center bottom&#8221; wn_class=&#8221;wn-section-5ed3fb1842db0&#8243;][vc_row][vc_column][\/vc_column][\/vc_row][vc_row][vc_column width=&#8221;1\/12&#8243;][\/vc_column][vc_column css_animation=&#8221;fadeIn&#8221; width=&#8221;5\/12&#8243; wn_class=&#8221;wn-column-5ed3f8f45e185&#8243; el_class=&#8221;primeiro-box&#8221;][vc_single_image image=&#8221;37&#8243; img_size=&#8221;full&#8221; alignment=&#8221;center&#8221; el_class=&#8221;img-1&#8243;][\/vc_column][vc_column css_animation=&#8221;fadeInRight&#8221; width=&#8221;5\/12&#8243; wn_class=&#8221;wn-column-5ed400324b909&#8243;][vc_column_text] Jugos [\/vc_column_text][vc_column_text]Nuestra l\u00ednea Caminhos de Minas 100% Bord\u00f4 contiene \u00fanicamente solo uvas de esta especie, un cultivar americano (Vitis labrusca), originario de Ohio en Estados Unidos y que gan\u00f3 el nombre de Bord\u00f4 por el color acentuado que aporta a sus productos.\u00a0El jugo 100% Bord\u00f4 tiene un fuerte color violeta, adem\u00e1s como un intenso aroma y sabor, muy utilizado en cocina,cocteleria, o tambi\u00e9n para consumo directo, ya sea puro o diluido. La l\u00ednea Caminhos de Minas Blend, en cambio, se elabora a partir de la mezcla entre las uvas Bord\u00f4 y Isabel, que es m\u00e1s dulce y menos intenso en sabor y color, dando lugar a un jugo m\u00e1s ligero, ideal para consumo puro.[\/vc_column_text][vc_btn title=&#8221;HABLE CON NOSOTROS&#8221; style=&#8221;gradient-custom&#8221; gradient_custom_color_1=&#8221;#482613&#8243; gradient_custom_color_2=&#8221;#482613&#8243; shape=&#8221;round&#8221; link=&#8221;url:https%3A%2F%2Fcaminhosdeminas.com%2Fes%2Fcontato%2F|title:Contato||&#8221; css=&#8221;.vc_custom_1601510617750{margin-top: 0px !important;margin-bottom: 0px !important;}&#8221;][\/vc_column][vc_column width=&#8221;1\/12&#8243;][\/vc_column][\/vc_row][vc_row][vc_column][\/vc_column][\/vc_row][\/vc_section][vc_section white_text_color=&#8221;yes&#8221; wn_class=&#8221;wn-section-5ed3fb4aca6e5&#8243; css=&#8221;.vc_custom_1590951081031{background-color: #dbc7a6 !important;}&#8221;][vc_row][vc_column][\/vc_column][\/vc_row][vc_row][vc_column width=&#8221;1\/6&#8243;][\/vc_column][vc_column width=&#8221;2\/3&#8243;][vc_column_text] Jugos naturales de calidad con un sabor inolvidable. [\/vc_column_text][vc_btn title=&#8221;HABLE CON NOSOTROS&#8221; style=&#8221;outline-custom&#8221; outline_custom_color=&#8221;#482613&#8243; outline_custom_hover_background=&#8221;#482613&#8243; outline_custom_hover_text=&#8221;#ffffff&#8221; shape=&#8221;round&#8221; align=&#8221;center&#8221; link=&#8221;url:https%3A%2F%2Fcaminhosdeminas.com%2Fes%2Fcontato%2F|title:Contato||&#8221; css=&#8221;.vc_custom_1601510665035{margin-top: 30px !important;margin-bottom: 0px !important;}&#8221;][\/vc_column][vc_column width=&#8221;1\/6&#8243;][\/vc_column][\/vc_row][vc_row][vc_column][\/vc_column][\/vc_row][\/vc_section][vc_section full_width=&#8221;yes&#8221; wn_class=&#8221;wn-section-5ed3fcd45aa02&#8243;][vc_row][vc_column][\/vc_column][\/vc_row][vc_row content_placement=&#8221;middle&#8221; wn_class=&#8221;wn-row-5ed3ffaca177b&#8221;][vc_column width=&#8221;1\/12&#8243;][\/vc_column][vc_column css_animation=&#8221;fadeInLeft&#8221; width=&#8221;5\/12&#8243; wn_class=&#8221;wn-column-5ed3fd127ff8f&#8221; css=&#8221;.vc_custom_1590951898646{padding-right: 50px !important;padding-left: 50px !important;}&#8221;][vc_column_text] Calidad [\/vc_column_text][vc_column_text]Alta calidad y excelencia en la producci\u00f3n son nuestros principales valores.\u00a0Buscamos constantemente mejorar a\u00fan m\u00e1s cada proceso dentro de nuestra l\u00ednea de producci\u00f3n, para mantener siempre el alto est\u00e1ndar en cada botella de jugo que sale de nuestras manos y llega al consumidores. Las uvas se eval\u00faan peri\u00f3dicamente en cuanto a madurez para definir el momento ideal de cosecha,&#8230; <\/p>\n<p><a class=\"readmore\" href=\"https:\/\/caminhosdeminas.com\/es\/\">Continue Reading<\/a><\/p>\n","protected":false},"author":1,"featured_media":0,"parent":0,"menu_order":0,"comment_status":"closed","ping_status":"closed","template":"","meta":{"footnotes":""},"class_list":["post-20","page","type-page","status-publish","hentry"],"_links":{"self":[{"href":"https:\/\/caminhosdeminas.com\/es\/wp-json\/wp\/v2\/pages\/20","targetHints":{"allow":["GET"]}}],"collection":[{"href":"https:\/\/caminhosdeminas.com\/es\/wp-json\/wp\/v2\/pages"}],"about":[{"href":"https:\/\/caminhosdeminas.com\/es\/wp-json\/wp\/v2\/types\/page"}],"author":[{"embeddable":true,"href":"https:\/\/caminhosdeminas.com\/es\/wp-json\/wp\/v2\/users\/1"}],"replies":[{"embeddable":true,"href":"https:\/\/caminhosdeminas.com\/es\/wp-json\/wp\/v2\/comments?post=20"}],"version-history":[{"count":21,"href":"https:\/\/caminhosdeminas.com\/es\/wp-json\/wp\/v2\/pages\/20\/revisions"}],"predecessor-version":[{"id":255,"href":"https:\/\/caminhosdeminas.com\/es\/wp-json\/wp\/v2\/pages\/20\/revisions\/255"}],"wp:attachment":[{"href":"https:\/\/caminhosdeminas.com\/es\/wp-json\/wp\/v2\/media?parent=20"}],"curies":[{"name":"wp","href":"https:\/\/api.w.org\/{rel}","templated":true}]}}